{"id":11,"date":"2012-12-26T11:30:45","date_gmt":"2012-12-26T09:30:45","guid":{"rendered":"http:\/\/gerdschuller.com\/de\/?page_id=11"},"modified":"2022-05-03T10:58:42","modified_gmt":"2022-05-03T08:58:42","slug":"portrait","status":"publish","type":"page","link":"https:\/\/www.gerdschuller.com\/de\/","title":{"rendered":"Gerd Schuller"},"content":{"rendered":"<h3>Komponist | Pianist | Produzent<\/h3>\n<p>&nbsp;<\/p>\n<p style=\"text-align: left;\"><img loading=\"lazy\" class=\"alignleft wp-image-1015\" src=\"http:\/\/gerdschuller.com\/de\/wp-content\/uploads\/2012\/12\/gerd-schuller-web-1-217x300.jpg\" alt=\"gerd-schuller-web-1\" width=\"170\" height=\"232\" \/><\/p>\n<p style=\"text-align: justify;\">Der geb\u00fcrtige Villacher Gerd Schuller unterrichtete bis zu seiner Pensionierung im Jahr 2020 Keyboard, Poparrangement und Filmmusikkomposition an der Kunstuni Graz. Er gilt als musikalischer Allrounder. Seine stilistische Vielfalt reicht von Rock, Pop, Fusion, Blues, Jazz, Klassik, elektronischer Musik bis hin zur Volksmusik. Dabei findet er bei seinen Kompositionen stets seine &#8222;eigene Stimme&#8220;. Gegenw\u00e4rtig entwickelt er eine Zusammenarbeit mit der Filmproduktion des Produzenten Edward Oleschak <span style=\"font-style: normal; font-weight: 300;\">\u201eWorldentertainment\u201c in Hollywood.<\/span><\/p>\n<p style=\"text-align: justify;\">Die Erfolgsgeschichte beginnt mit vier Jahren als er beschloss Musiker zu werden. Mit f\u00fcnf versuchte er sich am Akkordeon und komponierte bereits seine ersten Melodien, welche, wie er selbst sagt, eine Mischung aus Mozart, Udo J\u00fcrgens und den Beatles waren.<br \/>\nIm Alter von 8 Jahren blies er auf der Trompete ,und mit 12 entdeckte er seine gro\u00dfe Liebe zum Klavier, das schlie\u00dflich sein Instrument werden sollte.<br \/>\nMusikalisch inspiriert wurde er von den alten Bluesmusikern wie Memphis Slim, Howlin Wolf, Muddy Waters,John Lee Hooker, wie auch von Jimi Hendrix, den Cream,den Rolling Stones, und vorallem vom neuen Sound eines Joe Zawinul und Miles Davis.<br \/>\nDamals interessierten ihn schon die neuen Kl\u00e4nge von elektronischen Klavieren und Synthesizern wie dem Fender Rhodes Piano, (benutzt von Joe Zawinul bei dessen \u201eMercy,Mercy,Mercy\u201c) ,dem Wurlitzerpiano ,(Supertramp), Hohner Clavinett (bei Stevie Wonders \u201eSuperstition\u201c), oder der Hammond Orgel (Jimmy Smith) und dem Mini Moog (Vangelis)<br \/>\nIn der Gymnasialzeit spielte er als 15j\u00e4hriger \u00f6fters in seiner Heimatstadt Villach in der St. Nikolai Kirche, in der eine Hammondorgel stand , sogenannte Jazzmessen. Nach der Matura am Villacher Gymnasium \u00fcbersiedelte er nach Graz, um an der Grazer Universit\u00e4t f\u00fcr Musik und darstellende Kunst bei Harald Neuwirth an der Jazzabteilung sein Jazzlavierstudium zu beginnen.<\/p>\n<p><img loading=\"lazy\" class=\"alignright wp-image-1013\" src=\"http:\/\/gerdschuller.com\/de\/wp-content\/uploads\/2012\/12\/gerd-schuller-web-3-217x300.jpg\" alt=\"gerd-schuller-web-3\" width=\"170\" height=\"232\" \/><\/p>\n<p style=\"text-align: justify;\">Um neben seinem Stipendium noch Geld dazu zu verdienen, spielte er bei Wilfried\u00b4s damals neugegr\u00fcndeten Band \u201cCrazy-Baby-Band\u201d am Fender Rhodes Piano. Da machte er sich in der Grazer Musikszene rasch einen Namen. So holten ihn auch STS (\u201eGrossvater\u201c), Boris Bukowski (\u201eKokain) und Carl Peyer (\u201eRomeo und Julia\u201c) in ihre Studios.<br \/>\nDarauf folgten unz\u00e4hlige Werbejingles f\u00fcr \u201cHornig Kaffee\u201d, \u201cKastner&amp;\u00d6hler\u201d, \u201cMilde Sorte\u201d, die \u201cLila Milka-Kuh\u201d, \u201cCosy-Toilettenpapier\u201d, \u201cSch\u00e4rdinger\u201d, \u201cMilkinis\u201d, dann seine erste Filmmusik f\u00fcr die Doku \u00fcber \u201eTeschner-der Puppenspieler\u201c.<\/p>\n<p style=\"text-align: justify;\">Danach gings weiter mit Signations f\u00fcr das ORF Magazin \u201cReport\u201d und \u201cRadio Steiermark\u201d, sowie f\u00fcr den neugegr\u00fcndeten Nachrichtensendersender NTV .<\/p>\n<p style=\"text-align: justify;\">Es folgten preisgekr\u00f6nte Werbevideos f\u00fcr das Land Tirol, Wien ,Monaco und K\u00e4rnten. Danach 85 Folgen der internationalen TV-Erfolgsserie \u201cKommissar Rex\u201d; 155 Folgen \u201cSchlo\u00dfhotel Orth\u201d sowie 13 Folgen \u201cCountry Kids aus der Steiermark\u201d, 6 Folgen \u201eSoko Kitzb\u00fchel\u201c, weiters Fernsehfilme wie \u201eM\u00f6rderische Abfahrt\u201c, \u201e Der Feuerteufel\u201c, die \u201eErzherzog Johann Doku\u201c, und dem Kinofilm \u201eT\u00f6dlicher Umweg\u201c.<\/p>\n<p style=\"text-align: justify;\">J\u00fcngst arbeitet er vermehrt mit dem 50 Mann starken Filmmusik-Orchester der Kunstuni Graz, bisher geschehen f\u00fcr die ORF-Dokus \u201eWei\u00dfe Pferde, blaue Reben\u201c (2018), \u201eZum Himmel wir marschieren\u201c (2016) , \u201cWilde Wasser, steile Gebirge\u201c (2016) und \u201eMythos B\u00e4ume\u201c (2015).<br \/>\nObwohl er vorrangig durch seine Filmmusik wahrgenommen wird, wendete er sich in den letzten Jahren auch immer mehr dem Theater zu, ob er nun mit dem \u201eHope-Theater\u201c, bestehend aus SchauspielerInnen aus den Slums von Nairobi, und dem St\u00fcck \u201eThe Dream of getting a Job\u201c (2012) in Europa unterwegs war, die B\u00fchnenversion von Fellinis Film\u201eLa Strada\u201c (2012) f\u00fcr das Alte Theater in Stuttgart vertonte, oder f\u00fcr das Volkstheater Wien \u201eDie Goldbergvariationen\u201c (2012).<br \/>\nNeuestes Projekt ist ein\u201c Musiktheater \u00fcber Erzherzog Johann\u201c mit dem Librettisten Joe V\u00f6tter.<br \/>\nAktuell tourt er mit seinen S\u00f6hnen Gerald und Gunther als \u201eSchuller &amp; S\u00f6hne\u201c durch die Lande, aber auch mit Ola Egbowon und den \u201eSoulmonks\u201c, mit Rachelle Jeanty und dem \u201eBeatles-Project\u201c, sowie im Duett mit Joachim J. V\u00f6tter als \u201eThe Music of Billy Joel\u201c.<br \/>\nSein 3.Sohn Julian arbeitet als Filmkomponist in Los Angeles.<br \/>\nGerd Schuller ist Kulturpreistr\u00e4ger der Stadt Villach 2006, sowie Tr\u00e4ger des Goldenen Ehrenzeichens des Landes Steiermark 2008.<\/p>\n<p style=\"text-align: left;\"><div class=\"rule\"><span class=\"top\">top<\/span><\/div>\n<p><!--:--><\/p>\n","protected":false},"excerpt":{"rendered":"<p>Komponist | Pianist | Produzent &nbsp; Der geb\u00fcrtige Villacher Gerd Schuller unterrichtete bis zu seiner Pensionierung im Jahr 2020 Keyboard, Poparrangement und Filmmusikkomposition an der Kunstuni Graz. Er gilt als musikalischer Allrounder. Seine stilistische Vielfalt reicht von Rock, Pop, Fusion, Blues, Jazz, Klassik, elektronischer Musik bis hin zur Volksmusik. Dabei findet er bei seinen Kompositionen [&hellip;]<\/p>\n","protected":false},"author":2,"featured_media":0,"parent":0,"menu_order":0,"comment_status":"closed","ping_status":"closed","template":"","meta":[],"yoast_head":"<!-- This site is optimized with the Yoast SEO plugin v18.7 - https:\/\/yoast.com\/wordpress\/plugins\/seo\/ -->\n<title>Gerd Schuller | composer | producer | keyboarder<\/title>\n<meta name=\"description\" content=\"Gerd Schuller gilt als musikalischer Allrounder. Seine stilistische Vielfalt reicht von Rock, Pop, Fusion, Blues, Jazz, Klassik, Experimental und Free...\" \/>\n<meta name=\"robots\" content=\"index, follow, max-snippet:-1, max-image-preview:large, max-video-preview:-1\" \/>\n<link rel=\"canonical\" href=\"https:\/\/www.gerdschuller.com\/de\/\" \/>\n<meta property=\"og:locale\" content=\"de_DE\" \/>\n<meta property=\"og:type\" content=\"article\" \/>\n<meta property=\"og:title\" content=\"Gerd Schuller | composer | producer | keyboarder\" \/>\n<meta property=\"og:description\" content=\"Gerd Schuller gilt als musikalischer Allrounder. Seine stilistische Vielfalt reicht von Rock, Pop, Fusion, Blues, Jazz, Klassik, Experimental und Free...\" \/>\n<meta property=\"og:url\" content=\"https:\/\/www.gerdschuller.com\/de\/\" \/>\n<meta property=\"og:site_name\" content=\"Gerd Schuller\" \/>\n<meta property=\"article:modified_time\" content=\"2022-05-03T08:58:42+00:00\" \/>\n<meta property=\"og:image\" content=\"http:\/\/gerdschuller.com\/de\/wp-content\/uploads\/2012\/12\/gerd-schuller-web-1-217x300.jpg\" \/>\n<meta name=\"twitter:label1\" content=\"Gesch\u00e4tzte Lesezeit\" \/>\n\t<meta name=\"twitter:data1\" content=\"4\u00a0Minuten\" \/>\n<script type=\"application\/ld+json\" class=\"yoast-schema-graph\">{\"@context\":\"https:\/\/schema.org\",\"@graph\":[{\"@type\":\"WebSite\",\"@id\":\"https:\/\/www.gerdschuller.com\/de\/#website\",\"url\":\"https:\/\/www.gerdschuller.com\/de\/\",\"name\":\"Gerd Schuller\",\"description\":\"\",\"potentialAction\":[{\"@type\":\"SearchAction\",\"target\":{\"@type\":\"EntryPoint\",\"urlTemplate\":\"https:\/\/www.gerdschuller.com\/de\/?s={search_term_string}\"},\"query-input\":\"required name=search_term_string\"}],\"inLanguage\":\"de\"},{\"@type\":\"ImageObject\",\"inLanguage\":\"de\",\"@id\":\"https:\/\/www.gerdschuller.com\/de\/#primaryimage\",\"url\":\"http:\/\/gerdschuller.com\/de\/wp-content\/uploads\/2012\/12\/gerd-schuller-web-1-217x300.jpg\",\"contentUrl\":\"http:\/\/gerdschuller.com\/de\/wp-content\/uploads\/2012\/12\/gerd-schuller-web-1-217x300.jpg\"},{\"@type\":\"WebPage\",\"@id\":\"https:\/\/www.gerdschuller.com\/de\/#webpage\",\"url\":\"https:\/\/www.gerdschuller.com\/de\/\",\"name\":\"Gerd Schuller | composer | producer | keyboarder\",\"isPartOf\":{\"@id\":\"https:\/\/www.gerdschuller.com\/de\/#website\"},\"primaryImageOfPage\":{\"@id\":\"https:\/\/www.gerdschuller.com\/de\/#primaryimage\"},\"datePublished\":\"2012-12-26T09:30:45+00:00\",\"dateModified\":\"2022-05-03T08:58:42+00:00\",\"description\":\"Gerd Schuller gilt als musikalischer Allrounder. Seine stilistische Vielfalt reicht von Rock, Pop, Fusion, Blues, Jazz, Klassik, Experimental und Free...\",\"breadcrumb\":{\"@id\":\"https:\/\/www.gerdschuller.com\/de\/#breadcrumb\"},\"inLanguage\":\"de\",\"potentialAction\":[{\"@type\":\"ReadAction\",\"target\":[\"https:\/\/www.gerdschuller.com\/de\/\"]}]},{\"@type\":\"BreadcrumbList\",\"@id\":\"https:\/\/www.gerdschuller.com\/de\/#breadcrumb\",\"itemListElement\":[{\"@type\":\"ListItem\",\"position\":1,\"name\":\"Gerd Schuller\"}]}]}<\/script>\n<!-- \/ Yoast SEO plugin. -->","yoast_head_json":{"title":"Gerd Schuller | composer | producer | keyboarder","description":"Gerd Schuller gilt als musikalischer Allrounder. Seine stilistische Vielfalt reicht von Rock, Pop, Fusion, Blues, Jazz, Klassik, Experimental und Free...","robots":{"index":"index","follow":"follow","max-snippet":"max-snippet:-1","max-image-preview":"max-image-preview:large","max-video-preview":"max-video-preview:-1"},"canonical":"https:\/\/www.gerdschuller.com\/de\/","og_locale":"de_DE","og_type":"article","og_title":"Gerd Schuller | composer | producer | keyboarder","og_description":"Gerd Schuller gilt als musikalischer Allrounder. Seine stilistische Vielfalt reicht von Rock, Pop, Fusion, Blues, Jazz, Klassik, Experimental und Free...","og_url":"https:\/\/www.gerdschuller.com\/de\/","og_site_name":"Gerd Schuller","article_modified_time":"2022-05-03T08:58:42+00:00","og_image":[{"url":"http:\/\/gerdschuller.com\/de\/wp-content\/uploads\/2012\/12\/gerd-schuller-web-1-217x300.jpg"}],"twitter_misc":{"Gesch\u00e4tzte Lesezeit":"4\u00a0Minuten"},"schema":{"@context":"https:\/\/schema.org","@graph":[{"@type":"WebSite","@id":"https:\/\/www.gerdschuller.com\/de\/#website","url":"https:\/\/www.gerdschuller.com\/de\/","name":"Gerd Schuller","description":"","potentialAction":[{"@type":"SearchAction","target":{"@type":"EntryPoint","urlTemplate":"https:\/\/www.gerdschuller.com\/de\/?s={search_term_string}"},"query-input":"required name=search_term_string"}],"inLanguage":"de"},{"@type":"ImageObject","inLanguage":"de","@id":"https:\/\/www.gerdschuller.com\/de\/#primaryimage","url":"http:\/\/gerdschuller.com\/de\/wp-content\/uploads\/2012\/12\/gerd-schuller-web-1-217x300.jpg","contentUrl":"http:\/\/gerdschuller.com\/de\/wp-content\/uploads\/2012\/12\/gerd-schuller-web-1-217x300.jpg"},{"@type":"WebPage","@id":"https:\/\/www.gerdschuller.com\/de\/#webpage","url":"https:\/\/www.gerdschuller.com\/de\/","name":"Gerd Schuller | composer | producer | keyboarder","isPartOf":{"@id":"https:\/\/www.gerdschuller.com\/de\/#website"},"primaryImageOfPage":{"@id":"https:\/\/www.gerdschuller.com\/de\/#primaryimage"},"datePublished":"2012-12-26T09:30:45+00:00","dateModified":"2022-05-03T08:58:42+00:00","description":"Gerd Schuller gilt als musikalischer Allrounder. Seine stilistische Vielfalt reicht von Rock, Pop, Fusion, Blues, Jazz, Klassik, Experimental und Free...","breadcrumb":{"@id":"https:\/\/www.gerdschuller.com\/de\/#breadcrumb"},"inLanguage":"de","potentialAction":[{"@type":"ReadAction","target":["https:\/\/www.gerdschuller.com\/de\/"]}]},{"@type":"BreadcrumbList","@id":"https:\/\/www.gerdschuller.com\/de\/#breadcrumb","itemListElement":[{"@type":"ListItem","position":1,"name":"Gerd Schuller"}]}]}},"_links":{"self":[{"href":"https:\/\/www.gerdschuller.com\/de\/wp-json\/wp\/v2\/pages\/11"}],"collection":[{"href":"https:\/\/www.gerdschuller.com\/de\/wp-json\/wp\/v2\/pages"}],"about":[{"href":"https:\/\/www.gerdschuller.com\/de\/wp-json\/wp\/v2\/types\/page"}],"author":[{"embeddable":true,"href":"https:\/\/www.gerdschuller.com\/de\/wp-json\/wp\/v2\/users\/2"}],"replies":[{"embeddable":true,"href":"https:\/\/www.gerdschuller.com\/de\/wp-json\/wp\/v2\/comments?post=11"}],"version-history":[{"count":91,"href":"https:\/\/www.gerdschuller.com\/de\/wp-json\/wp\/v2\/pages\/11\/revisions"}],"predecessor-version":[{"id":1207,"href":"https:\/\/www.gerdschuller.com\/de\/wp-json\/wp\/v2\/pages\/11\/revisions\/1207"}],"wp:attachment":[{"href":"https:\/\/www.gerdschuller.com\/de\/wp-json\/wp\/v2\/media?parent=11"}],"curies":[{"name":"wp","href":"https:\/\/api.w.org\/{rel}","templated":true}]}}