{"id":1129,"date":"2019-10-22T06:37:52","date_gmt":"2019-10-22T04:37:52","guid":{"rendered":"http:\/\/gerdschuller.com\/de\/?page_id=1129"},"modified":"2019-10-29T14:55:41","modified_gmt":"2019-10-29T12:55:41","slug":"schuller-soehne","status":"publish","type":"page","link":"https:\/\/www.gerdschuller.com\/de\/schuller-soehne\/","title":{"rendered":"Schuller &#038; S\u00f6hne"},"content":{"rendered":"<p style=\"text-align: justify;\">\u201eWenn der Vater mit den S\u00f6hnen\u2026\u201c, die alle in die Fussstapfen des Vaters getreten sind und Profimusiker wurden.\u00a0Alle 3 Musiker spielen in unterschiedlichsten Formationen und haben nun beschlossen gemeinsam aufzutreten.<\/p>\n<p style=\"text-align: justify;\">Gerald am Schlagzeug, Gunther an der Orgel und Gerd am Keyboard pr\u00e4sentieren ein gemischtes instrumentales Programm quer durch den stilistischen Musikgem\u00fcsegarten, von Blues- und Rockhits \u00fcber Funk- und Jazzstandards bis hin zu eigenen Kompositionen.<\/p>\n<p style=\"text-align: justify;\">Das wichtigste Credo dieser Band ist jedoch der Groove!!!<\/p>\n<p style=\"text-align: justify;\">Laut Duden bedeutet Groove \u201eein st\u00e4ndig wiederkehrendes, mitrei\u00dfendes rhythmisch-melodisches Element und die Art und Weise, Musik mit richtigem Rhythmus und Tempo darzubieten, wobei innere Begeisterung und Anteilnahme h\u00f6rbar werden\u201c<\/p>\n<p style=\"text-align: justify;\">Diesem Vorsatz schliessen sich auch die diversen bekannten Vokal- und Instrumentalsolisten an, die von dem Trio zu den Konzerten als Solisten eingeladen werden.<\/p>\n<ul>\n<li>Gerd Schuller | keys<\/li>\n<li>Gerald Schuller | drums<\/li>\n<li>Gunther Schuller | organ<\/li>\n<\/ul>\n<h1 class=\"title style-scope ytd-video-primary-info-renderer\">Schuller &amp; S\u00f6hne feat. Eva Moreno<\/h1>\n<div class=\"sc-video\"><div class=\"wrap\"><iframe width=\"100%\" height=\"350px\" src=\"http:\/\/www.youtube.com\/embed\/VK6dy1TOgj8?wmode=opaque\"><\/iframe><\/div><\/div>\n<h1 class=\"title style-scope ytd-video-primary-info-renderer\">Schuller &amp; S\u00f6hne feat. Peter Taucher<\/h1>\n<div class=\"sc-video\"><div class=\"wrap\"><iframe width=\"100%\" height=\"350px\" src=\"http:\/\/www.youtube.com\/embed\/-JDCjfuMIiM?wmode=opaque\"><\/iframe><\/div><\/div>\n","protected":false},"excerpt":{"rendered":"<p>\u201eWenn der Vater mit den S\u00f6hnen\u2026\u201c, die alle in die Fussstapfen des Vaters getreten sind und Profimusiker wurden.\u00a0Alle 3 Musiker spielen in unterschiedlichsten Formationen und haben nun beschlossen gemeinsam aufzutreten. Gerald am Schlagzeug, Gunther an der Orgel und Gerd am Keyboard pr\u00e4sentieren ein gemischtes instrumentales Programm quer durch den stilistischen Musikgem\u00fcsegarten, von Blues- und Rockhits [&hellip;]<\/p>\n","protected":false},"author":3,"featured_media":0,"parent":0,"menu_order":0,"comment_status":"closed","ping_status":"closed","template":"","meta":[],"yoast_head":"<!-- This site is optimized with the Yoast SEO plugin v18.7 - https:\/\/yoast.com\/wordpress\/plugins\/seo\/ -->\n<title>Schuller &amp; S\u00f6hne - Gerd Schuller<\/title>\n<meta name=\"robots\" content=\"index, follow, max-snippet:-1, max-image-preview:large, max-video-preview:-1\" \/>\n<link rel=\"canonical\" href=\"https:\/\/www.gerdschuller.com\/de\/schuller-soehne\/\" \/>\n<meta property=\"og:locale\" content=\"de_DE\" \/>\n<meta property=\"og:type\" content=\"article\" \/>\n<meta property=\"og:title\" content=\"Schuller &amp; S\u00f6hne - Gerd Schuller\" \/>\n<meta property=\"og:description\" content=\"\u201eWenn der Vater mit den S\u00f6hnen\u2026\u201c, die alle in die Fussstapfen des Vaters getreten sind und Profimusiker wurden.\u00a0Alle 3 Musiker spielen in unterschiedlichsten Formationen und haben nun beschlossen gemeinsam aufzutreten. Gerald am Schlagzeug, Gunther an der Orgel und Gerd am Keyboard pr\u00e4sentieren ein gemischtes instrumentales Programm quer durch den stilistischen Musikgem\u00fcsegarten, von Blues- und Rockhits [&hellip;]\" \/>\n<meta property=\"og:url\" content=\"https:\/\/www.gerdschuller.com\/de\/schuller-soehne\/\" \/>\n<meta property=\"og:site_name\" content=\"Gerd Schuller\" \/>\n<meta property=\"article:modified_time\" content=\"2019-10-29T12:55:41+00:00\" \/>\n<meta name=\"twitter:label1\" content=\"Gesch\u00e4tzte Lesezeit\" \/>\n\t<meta name=\"twitter:data1\" content=\"1\u00a0Minute\" \/>\n<script type=\"application\/ld+json\" class=\"yoast-schema-graph\">{\"@context\":\"https:\/\/schema.org\",\"@graph\":[{\"@type\":\"WebSite\",\"@id\":\"https:\/\/www.gerdschuller.com\/de\/#website\",\"url\":\"https:\/\/www.gerdschuller.com\/de\/\",\"name\":\"Gerd Schuller\",\"description\":\"\",\"potentialAction\":[{\"@type\":\"SearchAction\",\"target\":{\"@type\":\"EntryPoint\",\"urlTemplate\":\"https:\/\/www.gerdschuller.com\/de\/?s={search_term_string}\"},\"query-input\":\"required name=search_term_string\"}],\"inLanguage\":\"de\"},{\"@type\":\"WebPage\",\"@id\":\"https:\/\/www.gerdschuller.com\/de\/schuller-soehne\/#webpage\",\"url\":\"https:\/\/www.gerdschuller.com\/de\/schuller-soehne\/\",\"name\":\"Schuller & S\u00f6hne - Gerd Schuller\",\"isPartOf\":{\"@id\":\"https:\/\/www.gerdschuller.com\/de\/#website\"},\"datePublished\":\"2019-10-22T04:37:52+00:00\",\"dateModified\":\"2019-10-29T12:55:41+00:00\",\"breadcrumb\":{\"@id\":\"https:\/\/www.gerdschuller.com\/de\/schuller-soehne\/#breadcrumb\"},\"inLanguage\":\"de\",\"potentialAction\":[{\"@type\":\"ReadAction\",\"target\":[\"https:\/\/www.gerdschuller.com\/de\/schuller-soehne\/\"]}]},{\"@type\":\"BreadcrumbList\",\"@id\":\"https:\/\/www.gerdschuller.com\/de\/schuller-soehne\/#breadcrumb\",\"itemListElement\":[{\"@type\":\"ListItem\",\"position\":1,\"name\":\"Schuller &#038; S\u00f6hne\"}]}]}<\/script>\n<!-- \/ Yoast SEO plugin. -->","yoast_head_json":{"title":"Schuller & S\u00f6hne - Gerd Schuller","robots":{"index":"index","follow":"follow","max-snippet":"max-snippet:-1","max-image-preview":"max-image-preview:large","max-video-preview":"max-video-preview:-1"},"canonical":"https:\/\/www.gerdschuller.com\/de\/schuller-soehne\/","og_locale":"de_DE","og_type":"article","og_title":"Schuller & S\u00f6hne - Gerd Schuller","og_description":"\u201eWenn der Vater mit den S\u00f6hnen\u2026\u201c, die alle in die Fussstapfen des Vaters getreten sind und Profimusiker wurden.\u00a0Alle 3 Musiker spielen in unterschiedlichsten Formationen und haben nun beschlossen gemeinsam aufzutreten. Gerald am Schlagzeug, Gunther an der Orgel und Gerd am Keyboard pr\u00e4sentieren ein gemischtes instrumentales Programm quer durch den stilistischen Musikgem\u00fcsegarten, von Blues- und Rockhits [&hellip;]","og_url":"https:\/\/www.gerdschuller.com\/de\/schuller-soehne\/","og_site_name":"Gerd Schuller","article_modified_time":"2019-10-29T12:55:41+00:00","twitter_misc":{"Gesch\u00e4tzte Lesezeit":"1\u00a0Minute"},"schema":{"@context":"https:\/\/schema.org","@graph":[{"@type":"WebSite","@id":"https:\/\/www.gerdschuller.com\/de\/#website","url":"https:\/\/www.gerdschuller.com\/de\/","name":"Gerd Schuller","description":"","potentialAction":[{"@type":"SearchAction","target":{"@type":"EntryPoint","urlTemplate":"https:\/\/www.gerdschuller.com\/de\/?s={search_term_string}"},"query-input":"required name=search_term_string"}],"inLanguage":"de"},{"@type":"WebPage","@id":"https:\/\/www.gerdschuller.com\/de\/schuller-soehne\/#webpage","url":"https:\/\/www.gerdschuller.com\/de\/schuller-soehne\/","name":"Schuller & S\u00f6hne - Gerd Schuller","isPartOf":{"@id":"https:\/\/www.gerdschuller.com\/de\/#website"},"datePublished":"2019-10-22T04:37:52+00:00","dateModified":"2019-10-29T12:55:41+00:00","breadcrumb":{"@id":"https:\/\/www.gerdschuller.com\/de\/schuller-soehne\/#breadcrumb"},"inLanguage":"de","potentialAction":[{"@type":"ReadAction","target":["https:\/\/www.gerdschuller.com\/de\/schuller-soehne\/"]}]},{"@type":"BreadcrumbList","@id":"https:\/\/www.gerdschuller.com\/de\/schuller-soehne\/#breadcrumb","itemListElement":[{"@type":"ListItem","position":1,"name":"Schuller &#038; S\u00f6hne"}]}]}},"_links":{"self":[{"href":"https:\/\/www.gerdschuller.com\/de\/wp-json\/wp\/v2\/pages\/1129"}],"collection":[{"href":"https:\/\/www.gerdschuller.com\/de\/wp-json\/wp\/v2\/pages"}],"about":[{"href":"https:\/\/www.gerdschuller.com\/de\/wp-json\/wp\/v2\/types\/page"}],"author":[{"embeddable":true,"href":"https:\/\/www.gerdschuller.com\/de\/wp-json\/wp\/v2\/users\/3"}],"replies":[{"embeddable":true,"href":"https:\/\/www.gerdschuller.com\/de\/wp-json\/wp\/v2\/comments?post=1129"}],"version-history":[{"count":5,"href":"https:\/\/www.gerdschuller.com\/de\/wp-json\/wp\/v2\/pages\/1129\/revisions"}],"predecessor-version":[{"id":1136,"href":"https:\/\/www.gerdschuller.com\/de\/wp-json\/wp\/v2\/pages\/1129\/revisions\/1136"}],"wp:attachment":[{"href":"https:\/\/www.gerdschuller.com\/de\/wp-json\/wp\/v2\/media?parent=1129"}],"curies":[{"name":"wp","href":"https:\/\/api.w.org\/{rel}","templated":true}]}}