{"id":213,"date":"2013-01-09T16:18:33","date_gmt":"2013-01-09T14:18:33","guid":{"rendered":"http:\/\/gerdschuller.com\/de\/?page_id=213"},"modified":"2024-06-05T13:04:42","modified_gmt":"2024-06-05T11:04:42","slug":"credits","status":"publish","type":"page","link":"https:\/\/www.gerdschuller.com\/de\/credits\/","title":{"rendered":"Credits"},"content":{"rendered":"<p>[vc_row][vc_column][vc_column_text]<\/p>\n<h3 style=\"font-style: normal;\">2024<\/h3>\n<ul>\n<li>Hollywooddoku Europe or Die<\/li>\n<li>Die sch\u00f6nsten Schl\u00f6sser in Kroatien Julian und Gerd Schuller<\/li>\n<\/ul>\n<h3 style=\"font-style: normal;\">2023<\/h3>\n<ul style=\"font-style: normal; letter-spacing: normal; text-transform: none;\">\n<li><span style=\"font-style: normal; font-weight: 300; letter-spacing: normal; text-transform: none;\">Die Weltk\u00e4rntner Wettbewerbssieger mit Peter Jug<\/span><\/li>\n<li>Traumburgen und Schl\u00f6sser Steiermark Slowenien<\/li>\n<li>Hollywood Doku Sri Lanka<\/li>\n<\/ul>\n<h3><\/h3>\n<h3 style=\"font-style: normal;\">2022<\/h3>\n<ul style=\"font-style: normal;\">\n<li>Eine Treppenreise Treppen im Wandel der Zeit<\/li>\n<li><span style=\"font-style: normal; font-weight: 300; letter-spacing: normal; text-transform: none;\">Burgen und Schl\u00f6sser \u00d6sterreichs Nieder\u00f6sterreichs<\/span><\/li>\n<\/ul>\n<ul>\n<li>Burgen und Schl\u00f6sser Waldviertel, Marchfeld<\/li>\n<li>The little Witch Hollywood Animation<\/li>\n<\/ul>\n<h3 style=\"font-style: normal;\">2021<\/h3>\n<ul style=\"font-style: normal;\">\n<li>Cd Schuller&amp;S\u00f6hne feat Eva Moreno und Peter Taucher<\/li>\n<li>Telefonsignation der Steirischen J\u00e4gerschafft<\/li>\n<li>Die Habsburger in Maria Zell Tv Doku<\/li>\n<\/ul>\n<h3>2020<\/h3>\n<ul>\n<li>Schach(t)r\u00e4ume TV-Doku &#8222;Bretter die die Welt bedeuten&#8220;<\/li>\n<li>Musikdemo f\u00fcr Jerry Lewis Doku LA<\/li>\n<\/ul>\n<h3>2019<\/h3>\n<ul>\n<li>Gerd Schullers Showreel-A closer Selection<\/li>\n<li>&#8222;Die Schl\u00f6sserstrasse Burgen und Schl\u00f6sser \u00d6sterreichs&#8220;\u00a0 Doku<\/li>\n<li>&#8222;Erzherzog Johann&#8220;-ein Musiktheater<\/li>\n<\/ul>\n<h3>2018<\/h3>\n<ul>\n<li>&#8222;Blaue Reben-Weisse Pferde&#8220; TV-Doku<\/li>\n<li>&#8222;Ein Leben f\u00fcr die Steiermark-Die Czernys&#8220;<\/li>\n<\/ul>\n<h3>2017<\/h3>\n<ul>\n<li>&#8222;A Good Shepherd&#8220; I Doku mit den Wiener S\u00e4ngerknaben<\/li>\n<li>&#8222;Das Bleiberger Knappenspiel- Prinz Eugenius&#8220;<\/li>\n<li>Die Herbergsuche<\/li>\n<\/ul>\n<h3>2016<\/h3>\n<ul>\n<li>&#8222;Zum Himmel wir marschieren&#8220; | FS Doku mit dem\u00a0Filmmusik-Orchester der Kunstuni\u00a0Graz<\/li>\n<li>&#8222;\u201eWilde Wasser, steile Gebirge \u2013 das steirische Ennstal\u201c I mit dem Filmmusik-Orchester der Kunstuni\u00a0Graz<\/li>\n<li>&#8222;Simon Kramer-Ein begnadeter Bandit&#8220; Musical Congresscenter Villach<\/li>\n<\/ul>\n<h3>2015<\/h3>\n<ul>\n<li>&#8222;Mythos B\u00e4ume&#8220; | FS Doku\u00a0\u00a0 Musik mit dem Filmmusik-Orchester der KUG<\/li>\n<\/ul>\n<h3>2014<\/h3>\n<ul>\n<li>&#8222;Songs for Mary&#8220; | Doku der Wiener S\u00e4ngerknaben<\/li>\n<\/ul>\n<h3>\u00a02013<\/h3>\n<ul>\n<li>\u201eBridgin the Gab\u201c | Doku der Wiener S\u00e4ngerknaben<\/li>\n<li>&#8222;Peter Rosegger-Der Poet der aus dem Walde kam<\/li>\n<\/ul>\n<h3><!--:de-->2012<\/h3>\n<ul>\n<li>&#8222;Die Goldbergvariationen&#8220; von Tabori | Volkstheater Wien<\/li>\n<li>&#8222;La Strada&#8220; B\u00fchnenversion | Altes Theater Stuttgart<\/li>\n<li>The Hope Theater &#8222;The Dream of getting a Job&#8220;<\/li>\n<\/ul>\n<h3>2011<\/h3>\n<ul>\n<li>Musical Simon Kramer &#8211; Ein begnadeter Bandit<\/li>\n<\/ul>\n<h3>2010<\/h3>\n<ul>\n<li>Musical Simon Kramer &#8211; Ein begnadeter Bandit<\/li>\n<\/ul>\n<h3>2009<\/h3>\n<ul>\n<li>FS-Doku &#8222;Bergmessen&#8220;<\/li>\n<li>Erzherzog Johann Doku &#8222;Vision\u00e4r und Menschenfreund&#8220;<\/li>\n<li>Pop-Oratorium PAULUS<\/li>\n<\/ul>\n<h3>2008<\/h3>\n<ul>\n<li>&#8222;Goldenes Ehrenzeichen des Landes Steiermark&#8220;<\/li>\n<li>&#8222;Musik zur Ausstellung Facing Nations&#8220; &#8211; ORF Produktion<\/li>\n<li>&#8222;Die M\u00fchlkreisbahn&#8220; &#8211; Doku<\/li>\n<li>&#8222;The Silkroad&#8220; &#8211; Doku \u00fcber die Wiener S\u00e4ngerknaben<\/li>\n<li>&#8222;Gr\u00fc\u00df Gott Gams&#8220; &#8211; Wilderer Doku<\/li>\n<\/ul>\n<h3>2007<\/h3>\n<ul>\n<li>&#8222;Ein Traum vom irdischen Paradies&#8220; &#8211; Szczesny-Mainau<\/li>\n<li>&#8222;Hallo &#8211; Als das Telefon sprechen lernte&#8220; &#8211; Doku<\/li>\n<li>&#8222;The Vienna Collection&#8220; &#8211; 3 Filme und 18 Spots \u00fcber Wien<\/li>\n<\/ul>\n<h3>2006<\/h3>\n<ul>\n<li>&#8222;Der arme Verschwender&#8220;<\/li>\n<li>Peter Rosegger &#8222;Waldbauernbub und Revolution\u00e4r&#8220;<\/li>\n<li>&#8222;Top Secret&#8220; &#8211; Die Geschichte der Spionage<\/li>\n<li>Kunst &#8211; und Kulturpreis der Stadt Villach<\/li>\n<li>Werbefilm Efkon<\/li>\n<li>SAILING ISLAND &#8211; Graz Werbung<\/li>\n<\/ul>\n<h3>2005<\/h3>\n<ul>\n<li>ORF-RTL2 TV Serie &#8222;Die Country Kids aus der Steiermark&#8220;<\/li>\n<li>Signation der &#8222;ORF Mystery Serie 8&#215;45<\/li>\n<li>&#8222;City Stomp&#8220;\u00a0Austria celebrates the genius<\/li>\n<li>&#8222;Central Park-Das Herz Manhattens&#8220;<\/li>\n<\/ul>\n<h3>2004<\/h3>\n<ul>\n<li>&#8222;Discover the Joy of Austria&#8220; |\u00a0Gewinner des Grand Prix CIFFT<br \/>\n(weltbester Tourismusfilm &#8211; \u00d6sterreich Werbung)<\/li>\n<\/ul>\n<h3>2003<\/h3>\n<ul>\n<li>Kinofilm &#8222;T\u00f6dlicher Umweg&#8220;<\/li>\n<li>K\u00e4rnten Werbung<\/li>\n<li>\u00d6sterreich Werbung<\/li>\n<\/ul>\n<h3>2002<\/h3>\n<ul>\n<li>6 Folgen &#8222;Soko Kitsb\u00fchel&#8220;<\/li>\n<li>&#8222;SZESZNY der Film&#8220; Cannes-Beitrag<\/li>\n<li>Der steirische Panther (Dokumentation)<\/li>\n<\/ul>\n<h3>1995 &#8211; 2005<\/h3>\n<ul>\n<li>155 Folgen &#8222;Schlosshotel Orth&#8220;<\/li>\n<\/ul>\n<h3>1993 &#8211; 2000<\/h3>\n<ul>\n<li>85 Folgen &#8222;Kommissar Rex&#8220;<\/li>\n<li>&#8222;Etwas am Herzen&#8220;<\/li>\n<\/ul>\n<h3>1999<\/h3>\n<ul>\n<li>Die Steirische Schl\u00f6sserstrasse (Dokumentation)<\/li>\n<\/ul>\n<h3>1997 &#8211; 2002<\/h3>\n<ul>\n<li>Tattoo (Thriller SAT1)<\/li>\n<li>Der Feuerteufel (Thriller SAT1)<\/li>\n<li>T\u00f6dliche Abfahrt (Thriller SAT1)<\/li>\n<li>Signation &#8222;Der Report&#8220;<\/li>\n<\/ul>\n<h3>1998 &#8211; 2001<\/h3>\n<ul>\n<li>Signations Nachrichtensender NTV<\/li>\n<\/ul>\n<h3>1996<\/h3>\n<ul>\n<li>Cosy Werbung<\/li>\n<li>Milka Werbung<\/li>\n<li>Sch\u00e4rdinger Werbung<\/li>\n<li>Signations Radio Steiermark<\/li>\n<\/ul>\n<h3>1995<\/h3>\n<ul>\n<li>Land der T\u00e4ler Dokumentation (C. Faudon)<\/li>\n<li>Zwang zur Unrast (C. Faudon, F. Morton)<\/li>\n<\/ul>\n<h3>1994<\/h3>\n<ul>\n<li>Giulia Super Kino Film (Czenzig)<\/li>\n<\/ul>\n<h3>1988<\/h3>\n<ul>\n<li>1. \u00f6sterr. Tatort<\/li>\n<li>Top Spot 1990,1991 Fernsehshow<\/li>\n<li>Seifenblasen Kino Film (Ninauss)<\/li>\n<\/ul>\n<h3>&#8230;<\/h3>\n<ul>\n<li>Kastner &amp; \u00d6hler Werbung<\/li>\n<li>Milde Sorte Werbung<\/li>\n<li>Hornig Kaffee Werbung<\/li>\n<li>Teschner der Puppenspieler 1.Dokumentation<\/li>\n<li>Tirol Werbefilm<\/li>\n<li>Vienna Winterlove Werbefilm<\/li>\n<li>K\u00e4rnten Werbung<\/li>\n<li>Short Cuts Grazer Werbefilm<\/li>\n<li>Industrie am Wendepunkt Dokumentation<\/li>\n<li>Premiere Start &#8211; Signations<\/li>\n<\/ul>\n<div class=\"rule\"><span class=\"top\">top<\/span><\/div><!--:--><!--:en--><\/p>\n<h3><!--:--><\/h3>\n<p>[\/vc_column_text][vc_column_text]<\/p>\n<h3>2021<\/h3>\n<ul>\n<li>Cd Schuller&amp;S\u00f6hne feat Eva Moreno und Peter Taucher<\/li>\n<li>Telefonsignation der Steirischen J\u00e4gerschafft<\/li>\n<li>Die Habsburger in Maria Zell Tv Doku<\/li>\n<\/ul>\n<h3>2020<\/h3>\n<ul>\n<li>Schach(t)r\u00e4ume TV-Doku &#8222;Bretter die die Welt bedeuten&#8220;<\/li>\n<li>Musikdemo f\u00fcr Jerry Lewis Doku LA<\/li>\n<\/ul>\n<h3>2019<\/h3>\n<ul>\n<li>Gerd Schullers Showreel-A closer Selection<\/li>\n<li>&#8222;Die Schl\u00f6sserstrasse Burgen und Schl\u00f6sser \u00d6sterreichs&#8220;\u00a0 Doku<\/li>\n<li>&#8222;Erzherzog Johann&#8220;-ein Musiktheater<\/li>\n<\/ul>\n<h3>2018<\/h3>\n<ul>\n<li>&#8222;Blaue Reben-Weisse Pferde&#8220; TV-Doku<\/li>\n<li>&#8222;Ein Leben f\u00fcr die Steiermark-Die Czernys&#8220;<\/li>\n<\/ul>\n<h3>2017<\/h3>\n<ul>\n<li>&#8222;A Good Shepherd&#8220; I Doku mit den Wiener S\u00e4ngerknaben<\/li>\n<li>&#8222;Das Bleiberger Knappenspiel- Prinz Eugenius&#8220;<\/li>\n<li>Die Herbergsuche<\/li>\n<\/ul>\n<h3>2016<\/h3>\n<ul>\n<li>&#8222;Zum Himmel wir marschieren&#8220; | FS Doku mit dem\u00a0Filmmusik-Orchester der Kunstuni\u00a0Graz<\/li>\n<li>&#8222;\u201eWilde Wasser, steile Gebirge \u2013 das steirische Ennstal\u201c I mit dem Filmmusik-Orchester der Kunstuni\u00a0Graz<\/li>\n<li>&#8222;Simon Kramer-Ein begnadeter Bandit&#8220; Musical Congresscenter Villach<\/li>\n<\/ul>\n<h3>2015<\/h3>\n<ul>\n<li>&#8222;Mythos B\u00e4ume&#8220; | FS Doku\u00a0\u00a0 Musik mit dem Filmmusik-Orchester der KUG<\/li>\n<\/ul>\n<h3>2014<\/h3>\n<ul>\n<li>&#8222;Songs for Mary&#8220; | Doku der Wiener S\u00e4ngerknaben<\/li>\n<\/ul>\n<h3>\u00a02013<\/h3>\n<ul>\n<li>\u201eBridgin the Gab\u201c | Doku der Wiener S\u00e4ngerknaben<\/li>\n<li>&#8222;Peter Rosegger-Der Poet der aus dem Walde kam<\/li>\n<\/ul>\n<h3><!--:de-->2012<\/h3>\n<ul>\n<li>&#8222;Die Goldbergvariationen&#8220; von Tabori | Volkstheater Wien<\/li>\n<li>&#8222;La Strada&#8220; B\u00fchnenversion | Altes Theater Stuttgart<\/li>\n<li>The Hope Theater &#8222;The Dream of getting a Job&#8220;<\/li>\n<\/ul>\n<h3>2011<\/h3>\n<ul>\n<li>Musical Simon Kramer &#8211; Ein begnadeter Bandit<\/li>\n<\/ul>\n<h3>2010<\/h3>\n<ul>\n<li>Musical Simon Kramer &#8211; Ein begnadeter Bandit<\/li>\n<\/ul>\n<h3>2009<\/h3>\n<ul>\n<li>FS-Doku &#8222;Bergmessen&#8220;<\/li>\n<li>Erzherzog Johann Doku &#8222;Vision\u00e4r und Menschenfreund&#8220;<\/li>\n<li>Pop-Oratorium PAULUS<\/li>\n<\/ul>\n<h3>2008<\/h3>\n<ul>\n<li>&#8222;Goldenes Ehrenzeichen des Landes Steiermark&#8220;<\/li>\n<li>&#8222;Musik zur Ausstellung Facing Nations&#8220; &#8211; ORF Produktion<\/li>\n<li>&#8222;Die M\u00fchlkreisbahn&#8220; &#8211; Doku<\/li>\n<li>&#8222;The Silkroad&#8220; &#8211; Doku \u00fcber die Wiener S\u00e4ngerknaben<\/li>\n<li>&#8222;Gr\u00fc\u00df Gott Gams&#8220; &#8211; Wilderer Doku<\/li>\n<\/ul>\n<h3>2007<\/h3>\n<ul>\n<li>&#8222;Ein Traum vom irdischen Paradies&#8220; &#8211; Szczesny-Mainau<\/li>\n<li>&#8222;Hallo &#8211; Als das Telefon sprechen lernte&#8220; &#8211; Doku<\/li>\n<li>&#8222;The Vienna Collection&#8220; &#8211; 3 Filme und 18 Spots \u00fcber Wien<\/li>\n<\/ul>\n<h3>2006<\/h3>\n<ul>\n<li>&#8222;Der arme Verschwender&#8220;<\/li>\n<li>Peter Rosegger &#8222;Waldbauernbub und Revolution\u00e4r&#8220;<\/li>\n<li>&#8222;Top Secret&#8220; &#8211; Die Geschichte der Spionage<\/li>\n<li>Kunst &#8211; und Kulturpreis der Stadt Villach<\/li>\n<li>Werbefilm Efkon<\/li>\n<li>SAILING ISLAND &#8211; Graz Werbung<\/li>\n<\/ul>\n<h3>2005<\/h3>\n<ul>\n<li>ORF-RTL2 TV Serie &#8222;Die Country Kids aus der Steiermark&#8220;<\/li>\n<li>Signation der &#8222;ORF Mystery Serie 8&#215;45<\/li>\n<li>&#8222;City Stomp&#8220;\u00a0Austria celebrates the genius<\/li>\n<li>&#8222;Central Park-Das Herz Manhattens&#8220;<\/li>\n<\/ul>\n<h3>2004<\/h3>\n<ul>\n<li>&#8222;Discover the Joy of Austria&#8220; |\u00a0Gewinner des Grand Prix CIFFT<br \/>\n(weltbester Tourismusfilm &#8211; \u00d6sterreich Werbung)<\/li>\n<\/ul>\n<h3>2003<\/h3>\n<ul>\n<li>Kinofilm &#8222;T\u00f6dlicher Umweg&#8220;<\/li>\n<li>K\u00e4rnten Werbung<\/li>\n<li>\u00d6sterreich Werbung<\/li>\n<\/ul>\n<h3>2002<\/h3>\n<ul>\n<li>6 Folgen &#8222;Soko Kitsb\u00fchel&#8220;<\/li>\n<li>&#8222;SZESZNY der Film&#8220; Cannes-Beitrag<\/li>\n<li>Der steirische Panther (Dokumentation)<\/li>\n<\/ul>\n<h3>1995 &#8211; 2005<\/h3>\n<ul>\n<li>155 Folgen &#8222;Schlosshotel Orth&#8220;<\/li>\n<\/ul>\n<h3>1993 &#8211; 2000<\/h3>\n<ul>\n<li>85 Folgen &#8222;Kommissar Rex&#8220;<\/li>\n<li>&#8222;Etwas am Herzen&#8220;<\/li>\n<\/ul>\n<h3>1999<\/h3>\n<ul>\n<li>Die Steirische Schl\u00f6sserstrasse (Dokumentation)<\/li>\n<\/ul>\n<h3>1997 &#8211; 2002<\/h3>\n<ul>\n<li>Tattoo (Thriller SAT1)<\/li>\n<li>Der Feuerteufel (Thriller SAT1)<\/li>\n<li>T\u00f6dliche Abfahrt (Thriller SAT1)<\/li>\n<li>Signation &#8222;Der Report&#8220;<\/li>\n<\/ul>\n<h3>1998 &#8211; 2001<\/h3>\n<ul>\n<li>Signations Nachrichtensender NTV<\/li>\n<\/ul>\n<h3>1996<\/h3>\n<ul>\n<li>Cosy Werbung<\/li>\n<li>Milka Werbung<\/li>\n<li>Sch\u00e4rdinger Werbung<\/li>\n<li>Signations Radio Steiermark<\/li>\n<\/ul>\n<h3>1995<\/h3>\n<ul>\n<li>Land der T\u00e4ler Dokumentation (C. Faudon)<\/li>\n<li>Zwang zur Unrast (C. Faudon, F. Morton)<\/li>\n<\/ul>\n<h3>1994<\/h3>\n<ul>\n<li>Giulia Super Kino Film (Czenzig)<\/li>\n<\/ul>\n<h3>1988<\/h3>\n<ul>\n<li>1. \u00f6sterr. Tatort<\/li>\n<li>Top Spot 1990,1991 Fernsehshow<\/li>\n<li>Seifenblasen Kino Film (Ninauss)<\/li>\n<\/ul>\n<h3>&#8230;<\/h3>\n<ul>\n<li>Kastner &amp; \u00d6hler Werbung<\/li>\n<li>Milde Sorte Werbung<\/li>\n<li>Hornig Kaffee Werbung<\/li>\n<li>Teschner der Puppenspieler 1.Dokumentation<\/li>\n<li>Tirol Werbefilm<\/li>\n<li>Vienna Winterlove Werbefilm<\/li>\n<li>K\u00e4rnten Werbung<\/li>\n<li>Short Cuts Grazer Werbefilm<\/li>\n<li>Industrie am Wendepunkt Dokumentation<\/li>\n<li>Premiere Start &#8211; Signations<\/li>\n<\/ul>\n<div class=\"rule\"><span class=\"top\">top<\/span><\/div><!--:--><!--:en--><\/p>\n<h3><!--:--><\/h3>\n<p>[\/vc_column_text][vc_column_text]<\/p>\n<h3>2021<\/h3>\n<ul>\n<li>Cd Schuller&amp;S\u00f6hne feat Eva Moreno und Peter Taucher<\/li>\n<li>Telefonsignation der Steirischen J\u00e4gerschafft<\/li>\n<li>Die Habsburger in Maria Zell Tv Doku<\/li>\n<\/ul>\n<h3>2020<\/h3>\n<ul>\n<li>Schach(t)r\u00e4ume TV-Doku &#8222;Bretter die die Welt bedeuten&#8220;<\/li>\n<li>Musikdemo f\u00fcr Jerry Lewis Doku LA<\/li>\n<\/ul>\n<h3>2019<\/h3>\n<ul>\n<li>Gerd Schullers Showreel-A closer Selection<\/li>\n<li>&#8222;Die Schl\u00f6sserstrasse Burgen und Schl\u00f6sser \u00d6sterreichs&#8220;\u00a0 Doku<\/li>\n<li>&#8222;Erzherzog Johann&#8220;-ein Musiktheater<\/li>\n<\/ul>\n<h3>2018<\/h3>\n<ul>\n<li>&#8222;Blaue Reben-Weisse Pferde&#8220; TV-Doku<\/li>\n<li>&#8222;Ein Leben f\u00fcr die Steiermark-Die Czernys&#8220;<\/li>\n<\/ul>\n<h3>2017<\/h3>\n<ul>\n<li>&#8222;A Good Shepherd&#8220; I Doku mit den Wiener S\u00e4ngerknaben<\/li>\n<li>&#8222;Das Bleiberger Knappenspiel- Prinz Eugenius&#8220;<\/li>\n<li>Die Herbergsuche<\/li>\n<\/ul>\n<h3>2016<\/h3>\n<ul>\n<li>&#8222;Zum Himmel wir marschieren&#8220; | FS Doku mit dem\u00a0Filmmusik-Orchester der Kunstuni\u00a0Graz<\/li>\n<li>&#8222;\u201eWilde Wasser, steile Gebirge \u2013 das steirische Ennstal\u201c I mit dem Filmmusik-Orchester der Kunstuni\u00a0Graz<\/li>\n<li>&#8222;Simon Kramer-Ein begnadeter Bandit&#8220; Musical Congresscenter Villach<\/li>\n<\/ul>\n<h3>2015<\/h3>\n<ul>\n<li>&#8222;Mythos B\u00e4ume&#8220; | FS Doku\u00a0\u00a0 Musik mit dem Filmmusik-Orchester der KUG<\/li>\n<\/ul>\n<h3>2014<\/h3>\n<ul>\n<li>&#8222;Songs for Mary&#8220; | Doku der Wiener S\u00e4ngerknaben<\/li>\n<\/ul>\n<h3>\u00a02013<\/h3>\n<ul>\n<li>\u201eBridgin the Gab\u201c | Doku der Wiener S\u00e4ngerknaben<\/li>\n<li>&#8222;Peter Rosegger-Der Poet der aus dem Walde kam<\/li>\n<\/ul>\n<h3><!--:de-->2012<\/h3>\n<ul>\n<li>&#8222;Die Goldbergvariationen&#8220; von Tabori | Volkstheater Wien<\/li>\n<li>&#8222;La Strada&#8220; B\u00fchnenversion | Altes Theater Stuttgart<\/li>\n<li>The Hope Theater &#8222;The Dream of getting a Job&#8220;<\/li>\n<\/ul>\n<h3>2011<\/h3>\n<ul>\n<li>Musical Simon Kramer &#8211; Ein begnadeter Bandit<\/li>\n<\/ul>\n<h3>2010<\/h3>\n<ul>\n<li>Musical Simon Kramer &#8211; Ein begnadeter Bandit<\/li>\n<\/ul>\n<h3>2009<\/h3>\n<ul>\n<li>FS-Doku &#8222;Bergmessen&#8220;<\/li>\n<li>Erzherzog Johann Doku &#8222;Vision\u00e4r und Menschenfreund&#8220;<\/li>\n<li>Pop-Oratorium PAULUS<\/li>\n<\/ul>\n<h3>2008<\/h3>\n<ul>\n<li>&#8222;Goldenes Ehrenzeichen des Landes Steiermark&#8220;<\/li>\n<li>&#8222;Musik zur Ausstellung Facing Nations&#8220; &#8211; ORF Produktion<\/li>\n<li>&#8222;Die M\u00fchlkreisbahn&#8220; &#8211; Doku<\/li>\n<li>&#8222;The Silkroad&#8220; &#8211; Doku \u00fcber die Wiener S\u00e4ngerknaben<\/li>\n<li>&#8222;Gr\u00fc\u00df Gott Gams&#8220; &#8211; Wilderer Doku<\/li>\n<\/ul>\n<h3>2007<\/h3>\n<ul>\n<li>&#8222;Ein Traum vom irdischen Paradies&#8220; &#8211; Szczesny-Mainau<\/li>\n<li>&#8222;Hallo &#8211; Als das Telefon sprechen lernte&#8220; &#8211; Doku<\/li>\n<li>&#8222;The Vienna Collection&#8220; &#8211; 3 Filme und 18 Spots \u00fcber Wien<\/li>\n<\/ul>\n<h3>2006<\/h3>\n<ul>\n<li>&#8222;Der arme Verschwender&#8220;<\/li>\n<li>Peter Rosegger &#8222;Waldbauernbub und Revolution\u00e4r&#8220;<\/li>\n<li>&#8222;Top Secret&#8220; &#8211; Die Geschichte der Spionage<\/li>\n<li>Kunst &#8211; und Kulturpreis der Stadt Villach<\/li>\n<li>Werbefilm Efkon<\/li>\n<li>SAILING ISLAND &#8211; Graz Werbung<\/li>\n<\/ul>\n<h3>2005<\/h3>\n<ul>\n<li>ORF-RTL2 TV Serie &#8222;Die Country Kids aus der Steiermark&#8220;<\/li>\n<li>Signation der &#8222;ORF Mystery Serie 8&#215;45<\/li>\n<li>&#8222;City Stomp&#8220;\u00a0Austria celebrates the genius<\/li>\n<li>&#8222;Central Park-Das Herz Manhattens&#8220;<\/li>\n<\/ul>\n<h3>2004<\/h3>\n<ul>\n<li>&#8222;Discover the Joy of Austria&#8220; |\u00a0Gewinner des Grand Prix CIFFT<br \/>\n(weltbester Tourismusfilm &#8211; \u00d6sterreich Werbung)<\/li>\n<\/ul>\n<h3>2003<\/h3>\n<ul>\n<li>Kinofilm &#8222;T\u00f6dlicher Umweg&#8220;<\/li>\n<li>K\u00e4rnten Werbung<\/li>\n<li>\u00d6sterreich Werbung<\/li>\n<\/ul>\n<h3>2002<\/h3>\n<ul>\n<li>6 Folgen &#8222;Soko Kitsb\u00fchel&#8220;<\/li>\n<li>&#8222;SZESZNY der Film&#8220; Cannes-Beitrag<\/li>\n<li>Der steirische Panther (Dokumentation)<\/li>\n<\/ul>\n<h3>1995 &#8211; 2005<\/h3>\n<ul>\n<li>155 Folgen &#8222;Schlosshotel Orth&#8220;<\/li>\n<\/ul>\n<h3>1993 &#8211; 2000<\/h3>\n<ul>\n<li>85 Folgen &#8222;Kommissar Rex&#8220;<\/li>\n<li>&#8222;Etwas am Herzen&#8220;<\/li>\n<\/ul>\n<h3>1999<\/h3>\n<ul>\n<li>Die Steirische Schl\u00f6sserstrasse (Dokumentation)<\/li>\n<\/ul>\n<h3>1997 &#8211; 2002<\/h3>\n<ul>\n<li>Tattoo (Thriller SAT1)<\/li>\n<li>Der Feuerteufel (Thriller SAT1)<\/li>\n<li>T\u00f6dliche Abfahrt (Thriller SAT1)<\/li>\n<li>Signation &#8222;Der Report&#8220;<\/li>\n<\/ul>\n<h3>1998 &#8211; 2001<\/h3>\n<ul>\n<li>Signations Nachrichtensender NTV<\/li>\n<\/ul>\n<h3>1996<\/h3>\n<ul>\n<li>Cosy Werbung<\/li>\n<li>Milka Werbung<\/li>\n<li>Sch\u00e4rdinger Werbung<\/li>\n<li>Signations Radio Steiermark<\/li>\n<\/ul>\n<h3>1995<\/h3>\n<ul>\n<li>Land der T\u00e4ler Dokumentation (C. Faudon)<\/li>\n<li>Zwang zur Unrast (C. Faudon, F. Morton)<\/li>\n<\/ul>\n<h3>1994<\/h3>\n<ul>\n<li>Giulia Super Kino Film (Czenzig)<\/li>\n<\/ul>\n<h3>1988<\/h3>\n<ul>\n<li>1. \u00f6sterr. Tatort<\/li>\n<li>Top Spot 1990,1991 Fernsehshow<\/li>\n<li>Seifenblasen Kino Film (Ninauss)<\/li>\n<\/ul>\n<h3>&#8230;<\/h3>\n<ul>\n<li>Kastner &amp; \u00d6hler Werbung<\/li>\n<li>Milde Sorte Werbung<\/li>\n<li>Hornig Kaffee Werbung<\/li>\n<li>Teschner der Puppenspieler 1.Dokumentation<\/li>\n<li>Tirol Werbefilm<\/li>\n<li>Vienna Winterlove Werbefilm<\/li>\n<li>K\u00e4rnten Werbung<\/li>\n<li>Short Cuts Grazer Werbefilm<\/li>\n<li>Industrie am Wendepunkt Dokumentation<\/li>\n<li>Premiere Start &#8211; Signations<\/li>\n<\/ul>\n<div class=\"rule\"><span class=\"top\">top<\/span><\/div><!--:--><!--:en--><\/p>\n<h3><!--:--><\/h3>\n<p>[\/vc_column_text][\/vc_column][\/vc_row]<\/p>\n","protected":false},"excerpt":{"rendered":"<p>[vc_row][vc_column][vc_column_text] 2024 Hollywooddoku Europe or Die Die sch\u00f6nsten Schl\u00f6sser in Kroatien Julian und Gerd Schuller 2023 Die Weltk\u00e4rntner Wettbewerbssieger mit Peter Jug Traumburgen und Schl\u00f6sser Steiermark Slowenien Hollywood Doku Sri Lanka 2022 Eine Treppenreise Treppen im Wandel der Zeit Burgen und Schl\u00f6sser \u00d6sterreichs Nieder\u00f6sterreichs Burgen und Schl\u00f6sser Waldviertel, Marchfeld The little Witch Hollywood Animation 2021 [&hellip;]<\/p>\n","protected":false},"author":3,"featured_media":0,"parent":0,"menu_order":0,"comment_status":"closed","ping_status":"closed","template":"","meta":[],"yoast_head":"<!-- This site is optimized with the Yoast SEO plugin v18.7 - https:\/\/yoast.com\/wordpress\/plugins\/seo\/ -->\n<title>Credits - Gerd Schuller<\/title>\n<meta name=\"robots\" content=\"index, follow, max-snippet:-1, max-image-preview:large, max-video-preview:-1\" \/>\n<link rel=\"canonical\" href=\"https:\/\/www.gerdschuller.com\/de\/credits\/\" \/>\n<meta property=\"og:locale\" content=\"de_DE\" \/>\n<meta property=\"og:type\" content=\"article\" \/>\n<meta property=\"og:title\" content=\"Credits - Gerd Schuller\" \/>\n<meta property=\"og:description\" content=\"[vc_row][vc_column][vc_column_text] 2024 Hollywooddoku Europe or Die Die sch\u00f6nsten Schl\u00f6sser in Kroatien Julian und Gerd Schuller 2023 Die Weltk\u00e4rntner Wettbewerbssieger mit Peter Jug Traumburgen und Schl\u00f6sser Steiermark Slowenien Hollywood Doku Sri Lanka 2022 Eine Treppenreise Treppen im Wandel der Zeit Burgen und Schl\u00f6sser \u00d6sterreichs Nieder\u00f6sterreichs Burgen und Schl\u00f6sser Waldviertel, Marchfeld The little Witch Hollywood Animation 2021 [&hellip;]\" \/>\n<meta property=\"og:url\" content=\"https:\/\/www.gerdschuller.com\/de\/credits\/\" \/>\n<meta property=\"og:site_name\" content=\"Gerd Schuller\" \/>\n<meta property=\"article:modified_time\" content=\"2024-06-05T11:04:42+00:00\" \/>\n<meta name=\"twitter:label1\" content=\"Gesch\u00e4tzte Lesezeit\" \/>\n\t<meta name=\"twitter:data1\" content=\"8\u00a0Minuten\" \/>\n<script type=\"application\/ld+json\" class=\"yoast-schema-graph\">{\"@context\":\"https:\/\/schema.org\",\"@graph\":[{\"@type\":\"WebSite\",\"@id\":\"https:\/\/www.gerdschuller.com\/de\/#website\",\"url\":\"https:\/\/www.gerdschuller.com\/de\/\",\"name\":\"Gerd Schuller\",\"description\":\"\",\"potentialAction\":[{\"@type\":\"SearchAction\",\"target\":{\"@type\":\"EntryPoint\",\"urlTemplate\":\"https:\/\/www.gerdschuller.com\/de\/?s={search_term_string}\"},\"query-input\":\"required name=search_term_string\"}],\"inLanguage\":\"de\"},{\"@type\":\"WebPage\",\"@id\":\"https:\/\/www.gerdschuller.com\/de\/credits\/#webpage\",\"url\":\"https:\/\/www.gerdschuller.com\/de\/credits\/\",\"name\":\"Credits - Gerd Schuller\",\"isPartOf\":{\"@id\":\"https:\/\/www.gerdschuller.com\/de\/#website\"},\"datePublished\":\"2013-01-09T14:18:33+00:00\",\"dateModified\":\"2024-06-05T11:04:42+00:00\",\"breadcrumb\":{\"@id\":\"https:\/\/www.gerdschuller.com\/de\/credits\/#breadcrumb\"},\"inLanguage\":\"de\",\"potentialAction\":[{\"@type\":\"ReadAction\",\"target\":[\"https:\/\/www.gerdschuller.com\/de\/credits\/\"]}]},{\"@type\":\"BreadcrumbList\",\"@id\":\"https:\/\/www.gerdschuller.com\/de\/credits\/#breadcrumb\",\"itemListElement\":[{\"@type\":\"ListItem\",\"position\":1,\"name\":\"Credits\"}]}]}<\/script>\n<!-- \/ Yoast SEO plugin. -->","yoast_head_json":{"title":"Credits - Gerd Schuller","robots":{"index":"index","follow":"follow","max-snippet":"max-snippet:-1","max-image-preview":"max-image-preview:large","max-video-preview":"max-video-preview:-1"},"canonical":"https:\/\/www.gerdschuller.com\/de\/credits\/","og_locale":"de_DE","og_type":"article","og_title":"Credits - Gerd Schuller","og_description":"[vc_row][vc_column][vc_column_text] 2024 Hollywooddoku Europe or Die Die sch\u00f6nsten Schl\u00f6sser in Kroatien Julian und Gerd Schuller 2023 Die Weltk\u00e4rntner Wettbewerbssieger mit Peter Jug Traumburgen und Schl\u00f6sser Steiermark Slowenien Hollywood Doku Sri Lanka 2022 Eine Treppenreise Treppen im Wandel der Zeit Burgen und Schl\u00f6sser \u00d6sterreichs Nieder\u00f6sterreichs Burgen und Schl\u00f6sser Waldviertel, Marchfeld The little Witch Hollywood Animation 2021 [&hellip;]","og_url":"https:\/\/www.gerdschuller.com\/de\/credits\/","og_site_name":"Gerd Schuller","article_modified_time":"2024-06-05T11:04:42+00:00","twitter_misc":{"Gesch\u00e4tzte Lesezeit":"8\u00a0Minuten"},"schema":{"@context":"https:\/\/schema.org","@graph":[{"@type":"WebSite","@id":"https:\/\/www.gerdschuller.com\/de\/#website","url":"https:\/\/www.gerdschuller.com\/de\/","name":"Gerd Schuller","description":"","potentialAction":[{"@type":"SearchAction","target":{"@type":"EntryPoint","urlTemplate":"https:\/\/www.gerdschuller.com\/de\/?s={search_term_string}"},"query-input":"required name=search_term_string"}],"inLanguage":"de"},{"@type":"WebPage","@id":"https:\/\/www.gerdschuller.com\/de\/credits\/#webpage","url":"https:\/\/www.gerdschuller.com\/de\/credits\/","name":"Credits - Gerd Schuller","isPartOf":{"@id":"https:\/\/www.gerdschuller.com\/de\/#website"},"datePublished":"2013-01-09T14:18:33+00:00","dateModified":"2024-06-05T11:04:42+00:00","breadcrumb":{"@id":"https:\/\/www.gerdschuller.com\/de\/credits\/#breadcrumb"},"inLanguage":"de","potentialAction":[{"@type":"ReadAction","target":["https:\/\/www.gerdschuller.com\/de\/credits\/"]}]},{"@type":"BreadcrumbList","@id":"https:\/\/www.gerdschuller.com\/de\/credits\/#breadcrumb","itemListElement":[{"@type":"ListItem","position":1,"name":"Credits"}]}]}},"_links":{"self":[{"href":"https:\/\/www.gerdschuller.com\/de\/wp-json\/wp\/v2\/pages\/213"}],"collection":[{"href":"https:\/\/www.gerdschuller.com\/de\/wp-json\/wp\/v2\/pages"}],"about":[{"href":"https:\/\/www.gerdschuller.com\/de\/wp-json\/wp\/v2\/types\/page"}],"author":[{"embeddable":true,"href":"https:\/\/www.gerdschuller.com\/de\/wp-json\/wp\/v2\/users\/3"}],"replies":[{"embeddable":true,"href":"https:\/\/www.gerdschuller.com\/de\/wp-json\/wp\/v2\/comments?post=213"}],"version-history":[{"count":38,"href":"https:\/\/www.gerdschuller.com\/de\/wp-json\/wp\/v2\/pages\/213\/revisions"}],"predecessor-version":[{"id":1215,"href":"https:\/\/www.gerdschuller.com\/de\/wp-json\/wp\/v2\/pages\/213\/revisions\/1215"}],"wp:attachment":[{"href":"https:\/\/www.gerdschuller.com\/de\/wp-json\/wp\/v2\/media?parent=213"}],"curies":[{"name":"wp","href":"https:\/\/api.w.org\/{rel}","templated":true}]}}